{"id":25241,"date":"2024-09-09T10:37:01","date_gmt":"2024-09-09T08:37:01","guid":{"rendered":"https:\/\/milk-design.com\/?post_type=product&#038;p=25241"},"modified":"2025-07-24T17:44:39","modified_gmt":"2025-07-24T15:44:39","slug":"lene-oe-10mm","status":"publish","type":"product","link":"https:\/\/milk-design.com\/en\/produkt\/lene-oe-10mm\/","title":{"rendered":"Lene | \u00d8 10mm"},"content":{"rendered":"<h2><span style=\"color: #daa520;\">Anh\u00e4nger Lene<\/span><\/h2>\n<p>Der Anh\u00e4nger Lene ist das passende Geschenk f\u00fcr jeden Anlass. Egal ob zur Geburt, Hochzeit oder in Zeiten der Trauer verewigen wir in diesem Schmuckst\u00fcck deine wertvolle Erinnerung.<\/p>\n<p>Mit diesem Anh\u00e4nger kannst du deiner eigenen Geschichte eine Form geben und stehst definitiv im Mittelpunkt. Die Aufmerksamkeit deiner Freunde ist dir sicher. Zudem ist die Kette auch als Geschenk perfekt geeignet.<\/p>\n<p>Die Verbindung von Edelmetall und Naturmaterial ist einzigartig und harmoniert ausgezeichnet mit einer Vielzahl von Outfits. Besondere Erinnerungen kannst du so f\u00fcr immer festhalten.<\/p>\n<p><strong>Warum bei uns bestellen?<\/strong><\/p>\n<ul>\n<li>Nachhaltiger Schmuck<\/li>\n<li>Individuelle Beratung<\/li>\n<li>Individuelle Designw\u00fcnsche<\/li>\n<li>Kostenloser Versand<\/li>\n<li>Made in Germany<\/li>\n<\/ul>\n<p>Alle bei der milk-design Manufaktur gekauften Halsketten, werden inkl. Verpackung geliefert.<\/p>\n<p>Bitte beachte unsere <strong><a title=\"Produktinformation\" href=\"https:\/\/milk-design.com\/produktinformation\/\">Produktinformationen<\/a><\/strong>\u00a0sowie unseren\u00a0<strong><a title=\"So funktioniert's!\" href=\"https:\/\/milk-design.com\/bestellablauf\/\">Bestellablauf<\/a><\/strong>.<\/p>\n","protected":false},"excerpt":{"rendered":"<p>Anh\u00e4nger Lene Der Anh\u00e4nger Lene ist das passende Geschenk f\u00fcr jeden Anlass. Egal ob zur Geburt, Hochzeit oder in Zeiten der Trauer verewigen wir in diesem Schmuckst\u00fcck deine wertvolle Erinnerung. Mit diesem Anh\u00e4nger kannst du deiner eigenen Geschichte eine Form geben und stehst definitiv im Mittelpunkt. Die Aufmerksamkeit deiner Freunde ist dir sicher. Zudem ist [&#8230;]\n","protected":false},"featured_media":25245,"template":"","meta":{"content-type":""},"product_brand":[],"product_cat":[764],"product_tag":[],"class_list":{"0":"post-25241","1":"product","2":"type-product","3":"status-publish","4":"has-post-thumbnail","6":"product_cat-anhaenger","8":"first","9":"outofstock","10":"featured","11":"taxable","12":"shipping-taxable","13":"purchasable","14":"product-type-variable"},"yoast_head":"<!-- This site is optimized with the Yoast SEO plugin v25.3.1 - https:\/\/yoast.com\/wordpress\/plugins\/seo\/ -->\n<title>Anh\u00e4nger Lene | Erinnerungsschmuck - milk-design Manufaktur<\/title>\n<meta name=\"description\" content=\"Halskette Kleine Anna ist dein perfekter Erinnerungsschmuck. Nachhaltig und nach deinen W\u00fcnschen designt. Lass dich beraten.\" \/>\n<meta name=\"robots\" content=\"index, follow, max-snippet:-1, max-image-preview:large, max-video-preview:-1\" \/>\n<link rel=\"canonical\" href=\"https:\/\/milk-design.com\/en\/produkt\/lene-oe-10mm\/\" \/>\n<meta property=\"og:locale\" content=\"en_US\" \/>\n<meta property=\"og:type\" content=\"article\" \/>\n<meta property=\"og:title\" content=\"Anh\u00e4nger Lene | Erinnerungsschmuck - milk-design Manufaktur\" \/>\n<meta property=\"og:description\" content=\"Halskette Kleine Anna ist dein perfekter Erinnerungsschmuck. Nachhaltig und nach deinen W\u00fcnschen designt. Lass dich beraten.\" \/>\n<meta property=\"og:url\" content=\"https:\/\/milk-design.com\/en\/produkt\/lene-oe-10mm\/\" \/>\n<meta property=\"og:site_name\" content=\"milk-design Manufaktur\" \/>\n<meta property=\"article:publisher\" content=\"https:\/\/www.facebook.com\/milk.design.manufaktur\/\" \/>\n<meta property=\"article:modified_time\" content=\"2025-07-24T15:44:39+00:00\" \/>\n<meta property=\"og:image\" content=\"https:\/\/milk-design.com\/wp-content\/uploads\/2024\/09\/47.png\" \/>\n\t<meta property=\"og:image:width\" content=\"1000\" \/>\n\t<meta property=\"og:image:height\" content=\"1000\" \/>\n\t<meta property=\"og:image:type\" content=\"image\/png\" \/>\n<meta name=\"twitter:card\" content=\"summary_large_image\" \/>\n<meta name=\"twitter:site\" content=\"@milk_design_srb\" \/>\n<meta name=\"twitter:label1\" content=\"Est. reading time\" \/>\n\t<meta name=\"twitter:data1\" content=\"1 minute\" \/>\n<script type=\"application\/ld+json\" class=\"yoast-schema-graph\">{\"@context\":\"https:\/\/schema.org\",\"@graph\":[{\"@type\":\"WebPage\",\"@id\":\"https:\/\/milk-design.com\/en\/produkt\/lene-oe-10mm\/\",\"url\":\"https:\/\/milk-design.com\/en\/produkt\/lene-oe-10mm\/\",\"name\":\"Anh\u00e4nger Lene | Erinnerungsschmuck - milk-design Manufaktur\",\"isPartOf\":{\"@id\":\"https:\/\/milk-design.com\/en\/#website\"},\"primaryImageOfPage\":{\"@id\":\"https:\/\/milk-design.com\/en\/produkt\/lene-oe-10mm\/#primaryimage\"},\"image\":{\"@id\":\"https:\/\/milk-design.com\/en\/produkt\/lene-oe-10mm\/#primaryimage\"},\"thumbnailUrl\":\"https:\/\/milk-design.com\/wp-content\/uploads\/2024\/09\/47.png\",\"datePublished\":\"2024-09-09T08:37:01+00:00\",\"dateModified\":\"2025-07-24T15:44:39+00:00\",\"description\":\"Halskette Kleine Anna ist dein perfekter Erinnerungsschmuck. Nachhaltig und nach deinen W\u00fcnschen designt. Lass dich beraten.\",\"breadcrumb\":{\"@id\":\"https:\/\/milk-design.com\/en\/produkt\/lene-oe-10mm\/#breadcrumb\"},\"inLanguage\":\"en-US\",\"potentialAction\":[{\"@type\":\"ReadAction\",\"target\":[\"https:\/\/milk-design.com\/en\/produkt\/lene-oe-10mm\/\"]}]},{\"@type\":\"ImageObject\",\"inLanguage\":\"en-US\",\"@id\":\"https:\/\/milk-design.com\/en\/produkt\/lene-oe-10mm\/#primaryimage\",\"url\":\"https:\/\/milk-design.com\/wp-content\/uploads\/2024\/09\/47.png\",\"contentUrl\":\"https:\/\/milk-design.com\/wp-content\/uploads\/2024\/09\/47.png\",\"width\":1000,\"height\":1000},{\"@type\":\"BreadcrumbList\",\"@id\":\"https:\/\/milk-design.com\/en\/produkt\/lene-oe-10mm\/#breadcrumb\",\"itemListElement\":[{\"@type\":\"ListItem\",\"position\":1,\"name\":\"Startseite\",\"item\":\"https:\/\/milk-design.com\/en\/\"},{\"@type\":\"ListItem\",\"position\":2,\"name\":\"Shop\",\"item\":\"https:\/\/milk-design.com\/shop\/\"},{\"@type\":\"ListItem\",\"position\":3,\"name\":\"Lene | \u00d8 10mm\"}]},{\"@type\":\"WebSite\",\"@id\":\"https:\/\/milk-design.com\/en\/#website\",\"url\":\"https:\/\/milk-design.com\/en\/\",\"name\":\"milk-design Manufaktur\",\"description\":\"Erinnerungsschmuck | Wir lieben Erinnerungen\",\"publisher\":{\"@id\":\"https:\/\/milk-design.com\/en\/#organization\"},\"potentialAction\":[{\"@type\":\"SearchAction\",\"target\":{\"@type\":\"EntryPoint\",\"urlTemplate\":\"https:\/\/milk-design.com\/en\/?s={search_term_string}\"},\"query-input\":{\"@type\":\"PropertyValueSpecification\",\"valueRequired\":true,\"valueName\":\"search_term_string\"}}],\"inLanguage\":\"en-US\"},{\"@type\":\"Organization\",\"@id\":\"https:\/\/milk-design.com\/en\/#organization\",\"name\":\"milk-design Manufaktur\",\"url\":\"https:\/\/milk-design.com\/en\/\",\"logo\":{\"@type\":\"ImageObject\",\"inLanguage\":\"en-US\",\"@id\":\"https:\/\/milk-design.com\/en\/#\/schema\/logo\/image\/\",\"url\":\"https:\/\/milk-design.com\/wp-content\/uploads\/2020\/10\/Logo-milk-design-gold.jpg\",\"contentUrl\":\"https:\/\/milk-design.com\/wp-content\/uploads\/2020\/10\/Logo-milk-design-gold.jpg\",\"width\":154,\"height\":154,\"caption\":\"milk-design Manufaktur\"},\"image\":{\"@id\":\"https:\/\/milk-design.com\/en\/#\/schema\/logo\/image\/\"},\"sameAs\":[\"https:\/\/www.facebook.com\/milk.design.manufaktur\/\",\"https:\/\/x.com\/milk_design_srb\",\"https:\/\/www.instagram.com\/milkdesignmanufaktur\/\",\"https:\/\/www.pinterest.de\/milkdesignmanufaktur\/\",\"https:\/\/www.youtube.com\/channel\/UCOSUt9SXA8MJB_8nZczhNAw\"]}]}<\/script>\n<!-- \/ Yoast SEO plugin. -->","yoast_head_json":{"title":"Anh\u00e4nger Lene | Erinnerungsschmuck - milk-design Manufaktur","description":"Halskette Kleine Anna ist dein perfekter Erinnerungsschmuck. Nachhaltig und nach deinen W\u00fcnschen designt. Lass dich beraten.","robots":{"index":"index","follow":"follow","max-snippet":"max-snippet:-1","max-image-preview":"max-image-preview:large","max-video-preview":"max-video-preview:-1"},"canonical":"https:\/\/milk-design.com\/en\/produkt\/lene-oe-10mm\/","og_locale":"en_US","og_type":"article","og_title":"Anh\u00e4nger Lene | Erinnerungsschmuck - milk-design Manufaktur","og_description":"Halskette Kleine Anna ist dein perfekter Erinnerungsschmuck. Nachhaltig und nach deinen W\u00fcnschen designt. Lass dich beraten.","og_url":"https:\/\/milk-design.com\/en\/produkt\/lene-oe-10mm\/","og_site_name":"milk-design Manufaktur","article_publisher":"https:\/\/www.facebook.com\/milk.design.manufaktur\/","article_modified_time":"2025-07-24T15:44:39+00:00","og_image":[{"width":1000,"height":1000,"url":"https:\/\/milk-design.com\/wp-content\/uploads\/2024\/09\/47.png","type":"image\/png"}],"twitter_card":"summary_large_image","twitter_site":"@milk_design_srb","twitter_misc":{"Est. reading time":"1 minute"},"schema":{"@context":"https:\/\/schema.org","@graph":[{"@type":"WebPage","@id":"https:\/\/milk-design.com\/en\/produkt\/lene-oe-10mm\/","url":"https:\/\/milk-design.com\/en\/produkt\/lene-oe-10mm\/","name":"Anh\u00e4nger Lene | Erinnerungsschmuck - milk-design Manufaktur","isPartOf":{"@id":"https:\/\/milk-design.com\/en\/#website"},"primaryImageOfPage":{"@id":"https:\/\/milk-design.com\/en\/produkt\/lene-oe-10mm\/#primaryimage"},"image":{"@id":"https:\/\/milk-design.com\/en\/produkt\/lene-oe-10mm\/#primaryimage"},"thumbnailUrl":"https:\/\/milk-design.com\/wp-content\/uploads\/2024\/09\/47.png","datePublished":"2024-09-09T08:37:01+00:00","dateModified":"2025-07-24T15:44:39+00:00","description":"Halskette Kleine Anna ist dein perfekter Erinnerungsschmuck. Nachhaltig und nach deinen W\u00fcnschen designt. Lass dich beraten.","breadcrumb":{"@id":"https:\/\/milk-design.com\/en\/produkt\/lene-oe-10mm\/#breadcrumb"},"inLanguage":"en-US","potentialAction":[{"@type":"ReadAction","target":["https:\/\/milk-design.com\/en\/produkt\/lene-oe-10mm\/"]}]},{"@type":"ImageObject","inLanguage":"en-US","@id":"https:\/\/milk-design.com\/en\/produkt\/lene-oe-10mm\/#primaryimage","url":"https:\/\/milk-design.com\/wp-content\/uploads\/2024\/09\/47.png","contentUrl":"https:\/\/milk-design.com\/wp-content\/uploads\/2024\/09\/47.png","width":1000,"height":1000},{"@type":"BreadcrumbList","@id":"https:\/\/milk-design.com\/en\/produkt\/lene-oe-10mm\/#breadcrumb","itemListElement":[{"@type":"ListItem","position":1,"name":"Startseite","item":"https:\/\/milk-design.com\/en\/"},{"@type":"ListItem","position":2,"name":"Shop","item":"https:\/\/milk-design.com\/shop\/"},{"@type":"ListItem","position":3,"name":"Lene | \u00d8 10mm"}]},{"@type":"WebSite","@id":"https:\/\/milk-design.com\/en\/#website","url":"https:\/\/milk-design.com\/en\/","name":"milk-design Manufaktur","description":"Erinnerungsschmuck | Wir lieben Erinnerungen","publisher":{"@id":"https:\/\/milk-design.com\/en\/#organization"},"potentialAction":[{"@type":"SearchAction","target":{"@type":"EntryPoint","urlTemplate":"https:\/\/milk-design.com\/en\/?s={search_term_string}"},"query-input":{"@type":"PropertyValueSpecification","valueRequired":true,"valueName":"search_term_string"}}],"inLanguage":"en-US"},{"@type":"Organization","@id":"https:\/\/milk-design.com\/en\/#organization","name":"milk-design Manufaktur","url":"https:\/\/milk-design.com\/en\/","logo":{"@type":"ImageObject","inLanguage":"en-US","@id":"https:\/\/milk-design.com\/en\/#\/schema\/logo\/image\/","url":"https:\/\/milk-design.com\/wp-content\/uploads\/2020\/10\/Logo-milk-design-gold.jpg","contentUrl":"https:\/\/milk-design.com\/wp-content\/uploads\/2020\/10\/Logo-milk-design-gold.jpg","width":154,"height":154,"caption":"milk-design Manufaktur"},"image":{"@id":"https:\/\/milk-design.com\/en\/#\/schema\/logo\/image\/"},"sameAs":["https:\/\/www.facebook.com\/milk.design.manufaktur\/","https:\/\/x.com\/milk_design_srb","https:\/\/www.instagram.com\/milkdesignmanufaktur\/","https:\/\/www.pinterest.de\/milkdesignmanufaktur\/","https:\/\/www.youtube.com\/channel\/UCOSUt9SXA8MJB_8nZczhNAw"]}]}},"_links":{"self":[{"href":"https:\/\/milk-design.com\/en\/wp-json\/wp\/v2\/product\/25241","targetHints":{"allow":["GET"]}}],"collection":[{"href":"https:\/\/milk-design.com\/en\/wp-json\/wp\/v2\/product"}],"about":[{"href":"https:\/\/milk-design.com\/en\/wp-json\/wp\/v2\/types\/product"}],"version-history":[{"count":3,"href":"https:\/\/milk-design.com\/en\/wp-json\/wp\/v2\/product\/25241\/revisions"}],"predecessor-version":[{"id":25465,"href":"https:\/\/milk-design.com\/en\/wp-json\/wp\/v2\/product\/25241\/revisions\/25465"}],"wp:featuredmedia":[{"embeddable":true,"href":"https:\/\/milk-design.com\/en\/wp-json\/wp\/v2\/media\/25245"}],"wp:attachment":[{"href":"https:\/\/milk-design.com\/en\/wp-json\/wp\/v2\/media?parent=25241"}],"wp:term":[{"taxonomy":"product_brand","embeddable":true,"href":"https:\/\/milk-design.com\/en\/wp-json\/wp\/v2\/product_brand?post=25241"},{"taxonomy":"product_cat","embeddable":true,"href":"https:\/\/milk-design.com\/en\/wp-json\/wp\/v2\/product_cat?post=25241"},{"taxonomy":"product_tag","embeddable":true,"href":"https:\/\/milk-design.com\/en\/wp-json\/wp\/v2\/product_tag?post=25241"}],"curies":[{"name":"wp","href":"https:\/\/api.w.org\/{rel}","templated":true}]}}